{"id":2173,"date":"2022-09-19T08:25:42","date_gmt":"2022-09-19T08:25:42","guid":{"rendered":"https:\/\/jorquerapremium.com\/?page_id=2173"},"modified":"2023-03-21T12:09:55","modified_gmt":"2023-03-21T12:09:55","slug":"politica-de-cookies","status":"publish","type":"page","link":"https:\/\/jorquerapremium.com\/ca\/politica-de-cookies\/","title":{"rendered":"Pol\u00edtica de cookies"},"content":{"rendered":"<p>Las cookies son breves informaciones que se env\u00edan y almacenan en el disco duro del ordenador del usuario a trav\u00e9s de su navegador cuando \u00e9ste se conecta a una web.<\/p>\n<p>Las cookies se pueden utilizar para recabar y almacenar datos del usuario mientras est\u00e1 conectado para facilitarle los servicios solicitados y que no se suelen conservar (Cookies de sesi\u00f3n), o para conservar los datos del usuario para otro tipo de servicios futuros y que se pueden conservar por tiempo indefinido (Cookies persistentes). Las cookies pueden ser propias o de terceros.<\/p>\n<p>Existen varios tipos de cookies:<\/p>\n<ul>\n<li>Cookies t\u00e9cnicas que facilitan la navegaci\u00f3n del usuario y la utilizaci\u00f3n de las diferentes opciones o servicios que ofrece la web como identificar la sesi\u00f3n, permitir el acceso a determinadas \u00e1reas, facilitar pedidos, compras, cumplimentaci\u00f3n de formularios, inscripciones, seguridad, facilitar funcionalidades (videos, redes sociales\u2026).<\/li>\n<li>Cookies de personalizaci\u00f3n que permiten al usuario acceder a los servicios seg\u00fan sus preferencias (idioma, navegador, configuraci\u00f3n\u2026).<\/li>\n<li>Cookies de an\u00e1lisis que permiten el an\u00e1lisis an\u00f3nimo del comportamiento de los usuarios de la web y que permiten medir la actividad del usuario y elaborar perfiles de navegaci\u00f3n con el fin objetivo de mejorar los sitios web.<\/li>\n<li>Cookies publicitarias que permiten la gesti\u00f3n de los espacios publicitarios de la web.<\/li>\n<li>Cookies de publicidad personalizada que permiten la gesti\u00f3n de los espacios publicitarios de la web en base al comportamiento y h\u00e1bitos de navegaci\u00f3n de usuario, de donde se obtiene su perfil y permiten personalizar la publicidad que se muestra en el navegador del usuario.<\/li>\n<\/ul>\n<p>&nbsp;<\/p>\n<p>Jorquera Pianos, S.A. utiliza cookies t\u00e9cnicas y de personalizaci\u00f3n, propias y de terceros, que en ning\u00fan caso tratan datos de car\u00e1cter personal ni captan h\u00e1bitos de navegaci\u00f3n por los que est\u00e1n excluidas de la obligaci\u00f3n de consentimiento que establece el art\u00edculo 22 de la Ley de Servicios de la Sociedad de la Informaci\u00f3n.<\/p>\n<p>De todas formas, le informamos que puede activar o desactivar estas cookies siguiendo las instrucciones de su navegador de Internet:<\/p>\n<ul>\n<li>Chrome: Configuraci\u00f3n \u2010&gt; Mostrar opciones avanzadas \u2010&gt; Privacidad \u2010&gt; Configuraci\u00f3n de contenido.<\/li>\n<li>Firefox: Herramientas \u2010&gt; Opciones \u2010&gt; Privacidad \u2010&gt; Historial \u2010&gt; Configuraci\u00f3n Personalizada.<\/li>\n<li>Internet Explorer: Herramientas \u2010&gt; Opciones de Internet \u2010&gt; Privacidad \u2010&gt; Configuraci\u00f3n.<\/li>\n<li>Safari: Preferencias \u2010&gt; Seguridad.<\/li>\n<li>Opera: Herramientas \u2010&gt; Preferencias \u2010&gt; Editar preferencias &gt; Cookies<\/li>\n<li>Edge: Configuraci\u00f3n \u2010&gt; Ver configuraci\u00f3n avanzada \u2010&gt; Privacidad y servicios \u2010&gt; Cookies<\/li>\n<\/ul>\n<p>&nbsp;<\/p>\n<p>Para m\u00e1s informaci\u00f3n, puede consultar en la Ayuda de su navegador o en las p\u00e1ginas de soporte de los mismos:<\/p>\n<ul>\n<li>Chrome: support.google.com<\/li>\n<li>FireFox: support.mozilla.org<\/li>\n<li>Internet Explorer: windows.microsoft.com Safari: http:\/\/www.apple.com<\/li>\n<li>Opera: http:\/\/www.opera.com\/help\/tutorials\/security\/cookies\/<\/li>\n<li>Edge: https:\/\/privacy.microsoft.com\/es\u2010es\/windows\u201010\u2010microsoft\u2010edge\u2010and\u2010privacy<\/li>\n<\/ul>\n","protected":false},"excerpt":{"rendered":"<p>Las cookies son breves informaciones que se env\u00edan y almacenan en el disco duro del ordenador del usuario a trav\u00e9s de su navegador cuando \u00e9ste se conecta a una web. Las cookies se pueden utilizar para recabar y almacenar datos del usuario mientras est\u00e1 conectado para facilitarle los servicios solicitados y que no se suelen [&hellip;]<\/p>\n","protected":false},"author":1,"featured_media":0,"parent":0,"menu_order":0,"comment_status":"closed","ping_status":"closed","template":"","meta":{"footnotes":""},"class_list":["post-2173","page","type-page","status-publish","hentry"],"acf":[],"yoast_head":"<!-- This site is optimized with the Yoast SEO plugin v21.0 - https:\/\/yoast.com\/wordpress\/plugins\/seo\/ -->\n<title>Pol\u00edtica de cookies - Jorquera Pianos<\/title>\n<meta name=\"robots\" content=\"index, follow, max-snippet:-1, max-image-preview:large, max-video-preview:-1\" \/>\n<link rel=\"canonical\" href=\"https:\/\/jorquerapremium.com\/ca\/politica-de-cookies\/\" \/>\n<meta property=\"og:locale\" content=\"ca_ES\" \/>\n<meta property=\"og:type\" content=\"article\" \/>\n<meta property=\"og:title\" content=\"Pol\u00edtica de cookies - Jorquera Pianos\" \/>\n<meta property=\"og:description\" content=\"Las cookies son breves informaciones que se env\u00edan y almacenan en el disco duro del ordenador del usuario a trav\u00e9s de su navegador cuando \u00e9ste se conecta a una web. Las cookies se pueden utilizar para recabar y almacenar datos del usuario mientras est\u00e1 conectado para facilitarle los servicios solicitados y que no se suelen [&hellip;]\" \/>\n<meta property=\"og:url\" content=\"https:\/\/jorquerapremium.com\/ca\/politica-de-cookies\/\" \/>\n<meta property=\"og:site_name\" content=\"Jorquera Pianos\" \/>\n<meta property=\"article:modified_time\" content=\"2023-03-21T12:09:55+00:00\" \/>\n<meta name=\"twitter:card\" content=\"summary_large_image\" \/>\n<meta name=\"twitter:label1\" content=\"Temps estimat de lectura\" \/>\n\t<meta name=\"twitter:data1\" content=\"2 minuts\" \/>\n<script type=\"application\/ld+json\" class=\"yoast-schema-graph\">{\"@context\":\"https:\/\/schema.org\",\"@graph\":[{\"@type\":\"WebPage\",\"@id\":\"https:\/\/jorquerapremium.com\/ca\/politica-de-cookies\/\",\"url\":\"https:\/\/jorquerapremium.com\/ca\/politica-de-cookies\/\",\"name\":\"Pol\u00edtica de cookies - Jorquera Pianos\",\"isPartOf\":{\"@id\":\"https:\/\/jorquerapremium.com\/ca\/#website\"},\"datePublished\":\"2022-09-19T08:25:42+00:00\",\"dateModified\":\"2023-03-21T12:09:55+00:00\",\"inLanguage\":\"ca\",\"potentialAction\":[{\"@type\":\"ReadAction\",\"target\":[\"https:\/\/jorquerapremium.com\/ca\/politica-de-cookies\/\"]}]},{\"@type\":\"WebSite\",\"@id\":\"https:\/\/jorquerapremium.com\/ca\/#website\",\"url\":\"https:\/\/jorquerapremium.com\/ca\/\",\"name\":\"Jorquera Pianos\",\"description\":\"Just another WordPress site\",\"potentialAction\":[{\"@type\":\"SearchAction\",\"target\":{\"@type\":\"EntryPoint\",\"urlTemplate\":\"https:\/\/jorquerapremium.com\/ca\/?s={search_term_string}\"},\"query-input\":\"required name=search_term_string\"}],\"inLanguage\":\"ca\"}]}<\/script>\n<!-- \/ Yoast SEO plugin. -->","yoast_head_json":{"title":"Pol\u00edtica de cookies - Jorquera Pianos","robots":{"index":"index","follow":"follow","max-snippet":"max-snippet:-1","max-image-preview":"max-image-preview:large","max-video-preview":"max-video-preview:-1"},"canonical":"https:\/\/jorquerapremium.com\/ca\/politica-de-cookies\/","og_locale":"ca_ES","og_type":"article","og_title":"Pol\u00edtica de cookies - Jorquera Pianos","og_description":"Las cookies son breves informaciones que se env\u00edan y almacenan en el disco duro del ordenador del usuario a trav\u00e9s de su navegador cuando \u00e9ste se conecta a una web. Las cookies se pueden utilizar para recabar y almacenar datos del usuario mientras est\u00e1 conectado para facilitarle los servicios solicitados y que no se suelen [&hellip;]","og_url":"https:\/\/jorquerapremium.com\/ca\/politica-de-cookies\/","og_site_name":"Jorquera Pianos","article_modified_time":"2023-03-21T12:09:55+00:00","twitter_card":"summary_large_image","twitter_misc":{"Temps estimat de lectura":"2 minuts"},"schema":{"@context":"https:\/\/schema.org","@graph":[{"@type":"WebPage","@id":"https:\/\/jorquerapremium.com\/ca\/politica-de-cookies\/","url":"https:\/\/jorquerapremium.com\/ca\/politica-de-cookies\/","name":"Pol\u00edtica de cookies - Jorquera Pianos","isPartOf":{"@id":"https:\/\/jorquerapremium.com\/ca\/#website"},"datePublished":"2022-09-19T08:25:42+00:00","dateModified":"2023-03-21T12:09:55+00:00","inLanguage":"ca","potentialAction":[{"@type":"ReadAction","target":["https:\/\/jorquerapremium.com\/ca\/politica-de-cookies\/"]}]},{"@type":"WebSite","@id":"https:\/\/jorquerapremium.com\/ca\/#website","url":"https:\/\/jorquerapremium.com\/ca\/","name":"Jorquera Pianos","description":"Just another WordPress site","potentialAction":[{"@type":"SearchAction","target":{"@type":"EntryPoint","urlTemplate":"https:\/\/jorquerapremium.com\/ca\/?s={search_term_string}"},"query-input":"required name=search_term_string"}],"inLanguage":"ca"}]}},"_links":{"self":[{"href":"https:\/\/jorquerapremium.com\/ca\/wp-json\/wp\/v2\/pages\/2173","targetHints":{"allow":["GET"]}}],"collection":[{"href":"https:\/\/jorquerapremium.com\/ca\/wp-json\/wp\/v2\/pages"}],"about":[{"href":"https:\/\/jorquerapremium.com\/ca\/wp-json\/wp\/v2\/types\/page"}],"author":[{"embeddable":true,"href":"https:\/\/jorquerapremium.com\/ca\/wp-json\/wp\/v2\/users\/1"}],"replies":[{"embeddable":true,"href":"https:\/\/jorquerapremium.com\/ca\/wp-json\/wp\/v2\/comments?post=2173"}],"version-history":[{"count":1,"href":"https:\/\/jorquerapremium.com\/ca\/wp-json\/wp\/v2\/pages\/2173\/revisions"}],"predecessor-version":[{"id":2177,"href":"https:\/\/jorquerapremium.com\/ca\/wp-json\/wp\/v2\/pages\/2173\/revisions\/2177"}],"wp:attachment":[{"href":"https:\/\/jorquerapremium.com\/ca\/wp-json\/wp\/v2\/media?parent=2173"}],"curies":[{"name":"wp","href":"https:\/\/api.w.org\/{rel}","templated":true}]}}