{"id":2028,"date":"2022-09-19T08:23:55","date_gmt":"2022-09-19T08:23:55","guid":{"rendered":"https:\/\/jorquerapremium.com\/?page_id=2028"},"modified":"2023-03-21T10:42:38","modified_gmt":"2023-03-21T10:42:38","slug":"avis-legal","status":"publish","type":"page","link":"https:\/\/jorquerapremium.com\/ca\/avis-legal\/","title":{"rendered":"Avis legal"},"content":{"rendered":"<p>Est\u00e1s en un espacio comprometido con los derechos de sus usuarios y por raz\u00f3n, tendr\u00e1s m\u00e1xima transparencia y rigor sobre todo que necesitas saber sobre esta web.<\/p>\n<p>Esta web cumple rigurosamente con la Ley Org\u00e1nica 3\/2018, de 5 de diciembre, de Protecci\u00f3n de Datos Personales y garant\u00eda de los derechos digitales (LOPDGDD). Cumple tambi\u00e9n con el Reglamento (UE) 2016\/679 del Parlamento Europeo y del Consejo de 27 de abril de 2016 relativo a la protecci\u00f3n de las personas f\u00edsicas (RGPD), as\u00ed como con la Ley 34\/2002, de 11 de julio, de Servicios de la Sociedad de la Informaci\u00f3n y Comercio Electr\u00f3nico (LSSICE o LSSI).<\/p>\n<p>Los servicios y\/o productos est\u00e1n disponibles s\u00f3lo para las personas jur\u00eddicas y las personas que tengan 16 a\u00f1os.<\/p>\n<h2>Identificador del responsable de la web<strong>\u00a0<\/strong><\/h2>\n<p><strong>Denominaci\u00f3n social<\/strong>: JORQUERA PIANOS S.A<\/p>\n<p><strong>CIF\/NIF<\/strong>: A58174228<\/p>\n<p><strong>Correo electr\u00f3nico<\/strong>: jorquera@jorquerapianos.com<\/p>\n<p><strong>Domicilio social<\/strong>: CALLE FERRAN AGULLO, N 10 BJ 1. 08021 BARCELONA<\/p>\n<p><strong>Su actividad social es:<\/strong>\u00a0<em>Venta, Distribuci\u00f3n, arreglo, afinaci\u00f3n de pianos<\/em><\/p>\n<p><strong>N\u00ba. de registro mercantil:<\/strong><\/p>\n<p>Registro Mercantil de BARCELONA T 24092, F 23, S 8, HB 64149, I\/A 10 (7.04.14)<\/p>\n<h2>\u00bfTe preocupan tus datos personales?<\/h2>\n<p>Leer \u201c<a href=\"https:\/\/jorquerapremium.com\/politica-de-privacidad\/\"><u>Pol\u00edtica de Privacidad<\/u><\/a>\u00bb<\/p>\n<h2>Compromisos y obligaciones de los usuarios<\/h2>\n<p>El usuario queda informado, y acepta, que el acceso a la presente web no supone, en modo alguno, el inicio de una relaci\u00f3n comercial con Jorquera Pianos. De esta forma, el usuario se compromete a utilizar el sitio web, sus servicios y contenidos sin contravenir la legislaci\u00f3n vigente, la buena fe y el orden p\u00fablico.<\/p>\n<p>Queda prohibido el uso de la web, con fines il\u00edcitos o lesivos, o que, de cualquier forma, puedan causar perjuicio o impedir el normal funcionamiento del sitio web. Respecto de los contenidos de esta web, se proh\u00edbe:<\/p>\n<ul>\n<li>Su reproducci\u00f3n, distribuci\u00f3n o modificaci\u00f3n, total o parcial, a menos que se cuente con mi autorizaci\u00f3n como leg\u00edtimo titular.<\/li>\n<li>Cualquier vulneraci\u00f3n de los derechos del prestador o de mi como leg\u00edtimo titular.<\/li>\n<li>Su utilizaci\u00f3n para fines comerciales o publicitarios.<\/li>\n<\/ul>\n<p>En la utilizaci\u00f3n de la web jorquerapianos.com el usuario se compromete a no llevar a cabo ninguna conducta que pudiera da\u00f1ar la imagen, los intereses y los derechos de Jorquera Pianos o de terceros o que pudiera da\u00f1ar, inutilizar o sobrecargar el portal jorquerapianos.com o que impidiera, de cualquier forma, la normal utilizaci\u00f3n de la web.<\/p>\n<p>No obstante, el usuario debe ser consciente de que las medidas de seguridad de los sistemas inform\u00e1ticos en Internet no son enteramente fiables y que, por tanto jorquerapianos.com no puede garantizar la inexistencia de malware u otros elementos que puedan producir alteraciones en los sistemas inform\u00e1ticos (software y hardware) del usuario o en sus documentos electr\u00f3nicos y ficheros contenidos en los mismos aunque pongo todos los medios necesarios y las medidas de seguridad oportunas para evitar la presencia de estos elementos da\u00f1inos.<\/p>\n<h2>Medidas de seguridad<\/h2>\n<p>Los datos personales comunicados por el usuario a Jorquera Pianos pueden ser almacenados en bases de datos automatizadas o no, cuya titularidad corresponde en exclusiva a Jorquera Pianos, S.A. asumiendo \u00e9sta todas las medidas de \u00edndole t\u00e9cnica, organizativa y de seguridad que garantizan la confidencialidad, integridad y calidad de la informaci\u00f3n contenida en las mismas de acuerdo con lo establecido en la normativa vigente en protecci\u00f3n de datos.<\/p>\n<p>La comunicaci\u00f3n entre los usuarios y jorquerapianos.com utiliza un canal seguro, y los datos transmitidos son cifrados gracias a protocolos a https, por tanto, garantizo las mejores condiciones de seguridad para que la confidencialidad de los usuarios est\u00e9 garantizada.<\/p>\n<h2>Plataforma de resoluci\u00f3n de conflictos<\/h2>\n<p>Pongo tambi\u00e9n a disposici\u00f3n de los usuarios la plataforma de resoluci\u00f3n de litigios que facilita la Comisi\u00f3n Europea y que se encuentra disponible en el siguiente enlace:<a href=\"https:\/\/ec.europa.eu\/consumers\/odr\/main\/index.cfm?event=main.home2.show&amp;lng=ES\" target=\"_blank\" rel=\"nofollow noopener\"><em>\u00a0http:\/\/ec.europa.eu\/consumers\/odr\/<\/em><\/a><\/p>\n<h2>Enlaces externos<\/h2>\n<p>Las p\u00e1ginas de la web jorquerapianos.com proporciona enlaces a otros sitios web propios y contenidos que son propiedad de terceros tales como:\u00a0<a href=\"https:\/\/eu.steinway.com\/es\/comerciante\/steinway-barcelona\" target=\"_blank\" rel=\"nofollow noopener\">http:\/\/eu.steinway.com\/<\/a><\/p>\n<p>El \u00fanico objeto de los enlaces es proporcionar al usuario la posibilidad de acceder a dichos enlaces.<\/p>\n<p>Jorquera Pianos no se responsabiliza en ning\u00fan caso de los resultados que puedan derivarse al usuario por acceso a dichos enlaces.<\/p>\n<p>Asimismo, el usuario encontrar\u00e1 dentro de este sitio, p\u00e1ginas, promociones, programas de afiliados que acceden a los h\u00e1bitos de navegaci\u00f3n de los usuarios para establecer perfiles. Esta informaci\u00f3n siempre es an\u00f3nima y no se identifica al usuario.<\/p>\n<p>La informaci\u00f3n que se proporcione en estos sitios patrocinado o enlaces de afiliados est\u00e1 sujeta a las pol\u00edticas de privacidad que se utilicen en dichos sitios y no estar\u00e1 sujeta a esta pol\u00edtica de privacidad. Por lo que recomiendo ampliamente a los usuarios a revisar detalladamente las pol\u00edticas de privacidad de los enlaces de afiliado.<\/p>\n<h2>Exclusi\u00f3n de garant\u00edas y responsable<\/h2>\n<p>Jorquera Pianos no otorga ninguna garant\u00eda ni se hace responsable, en ning\u00fan caso, de los da\u00f1os y perjuicios de cualquier naturaleza que pudieran traer causa de:<\/p>\n<ul>\n<li>La falta de disponibilidad, mantenimiento y efectivo funcionamiento de la web, o de sus servicios y contenidos.<\/li>\n<li>La existencia de malware, programas maliciosos o lesivos en los contenidos.<\/li>\n<li>El uso il\u00edcito, negligente, fraudulento o contrario a este Aviso Legal.<\/li>\n<li>La falta de licitud, calidad, fiabilidad, utilidad y disponibilidad de los servicios prestados por terceros y puestos a disposici\u00f3n de los usuarios en el sitio web.<\/li>\n<li>El prestador no se hace responsable bajo ning\u00fan concepto de los da\u00f1os que pudieran dimanar del uso ilegal o indebido de la presente p\u00e1gina web.<\/li>\n<\/ul>\n<p>Ley aplicable y jurisdicci\u00f3n<\/p>\n<p>Con car\u00e1cter general las relaciones entre Jorquera Pianos con los usuarios de sus servicios telem\u00e1ticos, presentes en esta web se encuentran sometidas a la legislaci\u00f3n y jurisdicci\u00f3n espa\u00f1olas y a los tribunales de Barcelona<\/p>\n<p>En caso de que cualquier usuario tuviese alguna duda acerca de estas Condiciones legales o cualquier comentario sobre el portal jorquerapianos.com, por favor dir\u00edjase a jorquera@jorquerapianos.com<\/p>\n<p>El aviso legal ha sido actualizado por \u00faltima vez el 18\/12\/2020<\/p>\n","protected":false},"excerpt":{"rendered":"<p>Est\u00e1s en un espacio comprometido con los derechos de sus usuarios y por raz\u00f3n, tendr\u00e1s m\u00e1xima transparencia y rigor sobre todo que necesitas saber sobre esta web. Esta web cumple rigurosamente con la Ley Org\u00e1nica 3\/2018, de 5 de diciembre, de Protecci\u00f3n de Datos Personales y garant\u00eda de los derechos digitales (LOPDGDD). Cumple tambi\u00e9n con [&hellip;]<\/p>\n","protected":false},"author":1,"featured_media":0,"parent":0,"menu_order":0,"comment_status":"closed","ping_status":"closed","template":"","meta":{"footnotes":""},"class_list":["post-2028","page","type-page","status-publish","hentry"],"acf":[],"yoast_head":"<!-- This site is optimized with the Yoast SEO plugin v21.0 - https:\/\/yoast.com\/wordpress\/plugins\/seo\/ -->\n<title>Avis legal - Jorquera Pianos<\/title>\n<meta name=\"robots\" content=\"index, follow, max-snippet:-1, max-image-preview:large, max-video-preview:-1\" \/>\n<link rel=\"canonical\" href=\"https:\/\/jorquerapremium.com\/ca\/avis-legal\/\" \/>\n<meta property=\"og:locale\" content=\"ca_ES\" \/>\n<meta property=\"og:type\" content=\"article\" \/>\n<meta property=\"og:title\" content=\"Avis legal - Jorquera Pianos\" \/>\n<meta property=\"og:description\" content=\"Est\u00e1s en un espacio comprometido con los derechos de sus usuarios y por raz\u00f3n, tendr\u00e1s m\u00e1xima transparencia y rigor sobre todo que necesitas saber sobre esta web. Esta web cumple rigurosamente con la Ley Org\u00e1nica 3\/2018, de 5 de diciembre, de Protecci\u00f3n de Datos Personales y garant\u00eda de los derechos digitales (LOPDGDD). Cumple tambi\u00e9n con [&hellip;]\" \/>\n<meta property=\"og:url\" content=\"https:\/\/jorquerapremium.com\/ca\/avis-legal\/\" \/>\n<meta property=\"og:site_name\" content=\"Jorquera Pianos\" \/>\n<meta property=\"article:modified_time\" content=\"2023-03-21T10:42:38+00:00\" \/>\n<meta name=\"twitter:card\" content=\"summary_large_image\" \/>\n<meta name=\"twitter:label1\" content=\"Temps estimat de lectura\" \/>\n\t<meta name=\"twitter:data1\" content=\"5 minuts\" \/>\n<script type=\"application\/ld+json\" class=\"yoast-schema-graph\">{\"@context\":\"https:\/\/schema.org\",\"@graph\":[{\"@type\":\"WebPage\",\"@id\":\"https:\/\/jorquerapremium.com\/ca\/avis-legal\/\",\"url\":\"https:\/\/jorquerapremium.com\/ca\/avis-legal\/\",\"name\":\"Avis legal - Jorquera Pianos\",\"isPartOf\":{\"@id\":\"https:\/\/jorquerapremium.com\/ca\/#website\"},\"datePublished\":\"2022-09-19T08:23:55+00:00\",\"dateModified\":\"2023-03-21T10:42:38+00:00\",\"inLanguage\":\"ca\",\"potentialAction\":[{\"@type\":\"ReadAction\",\"target\":[\"https:\/\/jorquerapremium.com\/ca\/avis-legal\/\"]}]},{\"@type\":\"WebSite\",\"@id\":\"https:\/\/jorquerapremium.com\/ca\/#website\",\"url\":\"https:\/\/jorquerapremium.com\/ca\/\",\"name\":\"Jorquera Pianos\",\"description\":\"Just another WordPress site\",\"potentialAction\":[{\"@type\":\"SearchAction\",\"target\":{\"@type\":\"EntryPoint\",\"urlTemplate\":\"https:\/\/jorquerapremium.com\/ca\/?s={search_term_string}\"},\"query-input\":\"required name=search_term_string\"}],\"inLanguage\":\"ca\"}]}<\/script>\n<!-- \/ Yoast SEO plugin. -->","yoast_head_json":{"title":"Avis legal - Jorquera Pianos","robots":{"index":"index","follow":"follow","max-snippet":"max-snippet:-1","max-image-preview":"max-image-preview:large","max-video-preview":"max-video-preview:-1"},"canonical":"https:\/\/jorquerapremium.com\/ca\/avis-legal\/","og_locale":"ca_ES","og_type":"article","og_title":"Avis legal - Jorquera Pianos","og_description":"Est\u00e1s en un espacio comprometido con los derechos de sus usuarios y por raz\u00f3n, tendr\u00e1s m\u00e1xima transparencia y rigor sobre todo que necesitas saber sobre esta web. Esta web cumple rigurosamente con la Ley Org\u00e1nica 3\/2018, de 5 de diciembre, de Protecci\u00f3n de Datos Personales y garant\u00eda de los derechos digitales (LOPDGDD). Cumple tambi\u00e9n con [&hellip;]","og_url":"https:\/\/jorquerapremium.com\/ca\/avis-legal\/","og_site_name":"Jorquera Pianos","article_modified_time":"2023-03-21T10:42:38+00:00","twitter_card":"summary_large_image","twitter_misc":{"Temps estimat de lectura":"5 minuts"},"schema":{"@context":"https:\/\/schema.org","@graph":[{"@type":"WebPage","@id":"https:\/\/jorquerapremium.com\/ca\/avis-legal\/","url":"https:\/\/jorquerapremium.com\/ca\/avis-legal\/","name":"Avis legal - Jorquera Pianos","isPartOf":{"@id":"https:\/\/jorquerapremium.com\/ca\/#website"},"datePublished":"2022-09-19T08:23:55+00:00","dateModified":"2023-03-21T10:42:38+00:00","inLanguage":"ca","potentialAction":[{"@type":"ReadAction","target":["https:\/\/jorquerapremium.com\/ca\/avis-legal\/"]}]},{"@type":"WebSite","@id":"https:\/\/jorquerapremium.com\/ca\/#website","url":"https:\/\/jorquerapremium.com\/ca\/","name":"Jorquera Pianos","description":"Just another WordPress site","potentialAction":[{"@type":"SearchAction","target":{"@type":"EntryPoint","urlTemplate":"https:\/\/jorquerapremium.com\/ca\/?s={search_term_string}"},"query-input":"required name=search_term_string"}],"inLanguage":"ca"}]}},"_links":{"self":[{"href":"https:\/\/jorquerapremium.com\/ca\/wp-json\/wp\/v2\/pages\/2028","targetHints":{"allow":["GET"]}}],"collection":[{"href":"https:\/\/jorquerapremium.com\/ca\/wp-json\/wp\/v2\/pages"}],"about":[{"href":"https:\/\/jorquerapremium.com\/ca\/wp-json\/wp\/v2\/types\/page"}],"author":[{"embeddable":true,"href":"https:\/\/jorquerapremium.com\/ca\/wp-json\/wp\/v2\/users\/1"}],"replies":[{"embeddable":true,"href":"https:\/\/jorquerapremium.com\/ca\/wp-json\/wp\/v2\/comments?post=2028"}],"version-history":[{"count":1,"href":"https:\/\/jorquerapremium.com\/ca\/wp-json\/wp\/v2\/pages\/2028\/revisions"}],"predecessor-version":[{"id":2030,"href":"https:\/\/jorquerapremium.com\/ca\/wp-json\/wp\/v2\/pages\/2028\/revisions\/2030"}],"wp:attachment":[{"href":"https:\/\/jorquerapremium.com\/ca\/wp-json\/wp\/v2\/media?parent=2028"}],"curies":[{"name":"wp","href":"https:\/\/api.w.org\/{rel}","templated":true}]}}